{"id":1144,"date":"2017-07-28T10:24:03","date_gmt":"2017-07-28T08:24:03","guid":{"rendered":"http:\/\/www.moarhof-bz.it\/wordpress-2018\/privacy-cookies\/"},"modified":"2017-07-28T10:24:03","modified_gmt":"2017-07-28T08:24:03","slug":"privacy-cookies","status":"publish","type":"page","link":"https:\/\/www.moarhof-bz.it\/it\/privacy-cookies\/","title":{"rendered":"Privacy &#038; Cookies"},"content":{"rendered":"<div class=\"itemFullText\">\n<p>Im Sinne des Art. 13 des Gesetzesvertretenden Dekrets Nr. 196 vom 30. Juni 2003 informieren wir dar\u00fcber, dass wir die pers\u00f6nlichen Daten von Kunden und Lieferanten verarbeiten, wobei es sich ausschlie\u00dflich um pers\u00f6nliche Daten gemeiner\/gew\u00f6hnlicher Art und Natur handelt. Wir garantieren im Rahmen der gesetzlichen Vorgaben, dass die Verarbeitung der pers\u00f6nlichen Daten unter Ber\u00fccksichtigung der grundlegenden Rechte und Freiheiten sowie der W\u00fcrde des Betroffenen mit besonderem Bezug auf die Geheimhaltung, die pers\u00f6nliche Identit\u00e4t und das Recht auf Schutz der pers\u00f6nlichen Daten erfolgt.<\/p>\n<p class=\"western\">\n<p class=\"western\"><strong>Ziel- und Zweckstellung bei der Datenverarbeitung<\/strong><\/p>\n<ul>\n<li>Erf\u00fcllung von gesetzlichen Pflichten, Pflichten aus Verordnungen, Gemeinschaftsnormen sowie Zivil- und steuerrechtlichen Gesetzen<\/li>\n<li>Erf\u00fcllung eventueller vertraglicher Verpflichtungen gegen\u00fcber dem Betroffenen<\/li>\n<li>Erf\u00fcllung von T\u00e4tigkeiten in Verbindung mit der Gesch\u00e4ftst\u00e4tigkeit unseres Betriebes wie das Ausf\u00fcllen von internen Statistiken, zur Rechnungslegung sowie zur F\u00fchrung der Kunden\/Lieferantenbuchhaltung<\/li>\n<li>Zielstellungen gesch\u00e4ftlicher Art wie der Zusendung von Gesch\u00e4ftsinformation und Werbematerial (per Post, Fax, und E-Mail), Marketing und Marktuntersuchungen<\/li>\n<li>Schutz der Forderungen und Verwaltung der Verbindlichkeiten Zielstellungen hinsichtlich Versicherungen, insbesondere Kreditversicherungen<\/li>\n<\/ul>\n<p>&nbsp;<\/p>\n<p class=\"western\"><strong>In Bezug auf die oben angegebenen Zielstellungen werden Ihre pers\u00f6nlichen Daten bei Bedarf weitergeleitet:<\/strong><\/p>\n<ul>\n<li>An die \u00f6ffentlichen Verwaltungen und Beh\u00f6rden, wenn dies gesetzlich vorgesehen ist<\/li>\n<li>An Kreditinstitute, mit denen unsere Firma Gesch\u00e4ftsbeziehungen zur Verwaltung von Forderungen \/ Verbindlichkeiten und zur Finanzierungsvermittlung unterh\u00e4lt<\/li>\n<li>An alle jenen nat\u00fcrlichen und\/oder juristischen, \u00f6ffentlichen und\/oder privaten Personen (Rechts-, Verwaltungs- und Steuerberatungsb\u00fcros, Gerichte, Handelskammern usw.), wenn die Weiterleitung als notwendig oder zur Aus\u00fcbung unserer T\u00e4tigkeit zweckdienlich erweist sowie auf die oben angegebene Art und Weise mit den entsprechenden Zielstellungen.<\/li>\n<\/ul>\n<p>&nbsp;<\/p>\n<p>Die von uns verarbeiteten pers\u00f6nlichen Daten unterliegen keiner Verbreitung. Die Datenverarbeitung kann mit oder ohne Hilfe elektronischer, auf jeden Fall automatischer Mittel erfolgen, und umfasst alle im Art. 4, Absatz 1, Buchstabe a des Gesetzesvertretenden Dekretes Nr. 196 vom 30.Juni 2003 vorgesehenen und f\u00fcr die betreffende Datenverarbeitung erforderlichen Vorg\u00e4nge. In jedem Fall wird die Datenverarbeitung unter Einhaltung aller Sicherheitsma\u00dfnahmen durchgef\u00fchrt, die deren Sicherheit und Geheimhaltung gew\u00e4hrleisten. Das Datenschutzgesetz verleiht dem Betroffenen die M\u00f6glichkeit zur Aus\u00fcbung bestimmter Rechte gem\u00e4\u00df Art.7. Im einzelnen hat er das Recht zu wissen welche pers\u00f6nlichen Daten der Inhaber \u00fcber ihn besitzt; und dar\u00fcber Auskunft zu erhalten, ob Daten \u00fcber ihn vorhanden sind, auch wenn sie noch nicht gespeichert sind, um Grund und Zweck ihrer Verarbeitung, sowie Angaben \u00fcber Inhaber und Verantwortlichen der Verarbeitung zu erfahren, sowie Kategorien von Personen deren diese Daten m\u00f6glicherweise \u00fcbermittelt werden.<\/p>\n<p>Der Betroffene hat das Recht seine Daten zu best\u00e4tigen, zu kontrollieren, zu berichtigen und zu erg\u00e4nzen. Der Betroffene hat das Recht zu beantragen, dass die Daten gel\u00f6scht, gesperrt und in anonyme Daten umgewandelt werden falls die Verarbeitung gegen die gesetzlichen Bestimmungen verst\u00f6\u00dft. Er hat das Recht sich g\u00e4nzlich oder zum Teil der Verarbeitung seiner Daten zu widersetzen. Dessen L\u00f6schung, Sperrung, Umwandlung in anonyme Daten zu verlangen, ohne gerechtfertigten Grund, wenn Daten zum Zwecke der Handelsinformation, des Versands von Werbematerial, des Direktverkaufs, zu Markt- und Meinungsforschung verwendet werden. Die obgenannten Rechte k\u00f6nnen mittels E-Mail, oder Einschreibebrief geltend gemacht werden.<\/p>\n<p class=\"western\">\n<p class=\"western\"><strong>Der Inhaber der Datenverarbeitung ist<\/strong><\/p>\n<p>Moar zu Gassen des<br \/>\nReiterer Florian<br \/>\nWurzerweg 11<br \/>\nI-39010 Hafling<\/p>\n<p>Telefon &amp; Fax: 0473-279342<br \/>\nMobil: 3381291671<\/p>\n<p>MwSt.Nr.: 02567470212<br \/>\nSt.Nr. und Eintrag in der Handelkammer Bozen: RTRFRN80B13F132X<\/p>\n<p><span id=\"cloake62d6ec2bf5d7b7867270e0ed9c0fa69\"><a href=\"mailto:info@moarhof-bz.it\">info@moarhof-bz.it<\/a><\/span><\/p>\n<p class=\"western\">PEC-E-Mail: <span id=\"cloak59435\"><span id=\"cloakc5807a24c0f24fab78b7a920f0711c4d\"><a href=\"mailto:florian.reiterer@pec.sbb.it\" rel=\"alternate\">florian.reiterer@pec.sbb.it<\/a><\/span><\/span><\/p>\n<p class=\"western\"><strong>Verantwortlich f\u00fcr die Datenverarbeitung:<\/strong><\/p>\n<p>Reiterer Florian<br \/>\nWurzerweg 11<br \/>\nI-39010 Hafling<\/p>\n<p>Telefon &amp; Fax: 0473-279342<\/p>\n<p>MwSt.Nr.: 02567470212<br \/>\nSt.Nr. und Eintrag in der Handelkammer Bozen: RTRFRN80B13F132X<\/p>\n<p><span id=\"cloak1eb9cbc8b64bb7b275b1a001c43c4240\"><a href=\"mailto:info@moarhof-bz.it\">info@moarhof-bz.it<\/a><\/span><br \/>\nPEC-E-Mail: <span id=\"cloak59435\"><span id=\"cloak539b5127ffab68cd34a6e636c2f9ccfe\"><a href=\"mailto:florian.reiterer@pec.sbb.it\" rel=\"alternate\">florian.reiterer@pec.sbb.it<\/a><\/span><\/span><\/p>\n<p>Wir behalten uns das Recht vor, jederzeit \u00c4nderungen oder Erg\u00e4nzungen an dieser Datenschutzerkl\u00e4rung vorzunehmen, vor allem aber im Falle einer Gesetzes\u00e4nderung oder neuer Regelungen in diesem Zusammenhang.<\/p>\n<\/div>\n<div class=\"itemFullText\">\n<h1 class=\"western\">Cookies<\/h1>\n<p><a href=\"http:\/\/www.moarhof-bz.it\/de\/cookies.html#de\" rel=\"alternate\">Deutsch<\/a><\/p>\n<p><b>Was sind Cookies?<\/b><br \/>\nCookies sind kleine Textdateien, die auf Ihrem Computer abgelegt werden, wenn Sie bestimmte Websites besuchen.<\/p>\n<p>Wir verwenden Cookies f\u00fcr die Website und -Subdomains \u2013 wobei wir den Benutzer um seine Zustimmung bitten, wo dies ausdr\u00fccklich per Gesetz oder anderen einschl\u00e4gigen Bestimmungen verlangt wird \u2013, um dem Benutzer das Navigieren zu erleichtern und die an den Benutzer \u00fcbermittelten Informationen zu personalisieren. Wir verwenden dar\u00fcber hinaus entsprechende Systeme, um Informationen \u00fcber den Benutzer zu sammeln, wie zum Beispiel seine IP-Adresse, den verwendeten Browser und das Betriebssystem und\/oder von einem Benutzer besuchte Websites f\u00fcr Sicherheits- und Statistikzwecke.<\/p>\n<p>Wenn Sie entscheiden, Cookies zu deaktivieren oder abzulehnen, k\u00f6nnen Sie auf einige Teile der unserer Website und mit ihr verbundener Subdomains m\u00f6glicherweise nicht zugreifen oder sie funktionieren nicht ordnungsgem\u00e4\u00df.<\/p>\n<p>Um eine vollst\u00e4ndige und problemlose Nutzung dieser Website zu gew\u00e4hrleisten, sollten Sie Ihren Browser so einrichten, dass er diese Cookies akzeptiert. Die Cookies stellen f\u00fcr Ihren Computer, Ihr Tablet oder Ihr Smartphone keine Gefahr dar. Die von unserer Webseite erzeugten Cookies enthalten keine personenbezogenen Informationen, die zur Identifizierung des Benutzers verwendet werden k\u00f6nnen, sondern nur verschl\u00fcsselte Daten.<\/p>\n<p>Die Website und mit ihr verbundene Subdomains verwenden die folgenden Arten von Cookies:<\/p>\n<p><b>Navigationscookies<\/b><br \/>\nDiese Cookies erm\u00f6glichen die Navigation auf der Website und die Nutzung ihrer Funktionen. Ohne Cookies k\u00f6nnen Sie m\u00f6glicherweise nicht auf diese Funktionen zugreifen oder sie funktionieren nicht ordnungsgem\u00e4\u00df.<br \/>\nDie absolut n\u00f6tigen Cookies dienen dazu, eine Kennung zu speichern, sodass wir jeden Benutzer eindeutig identifizieren und einen einheitlichen und genau abgestimmten Dienst bereitstellen k\u00f6nnen.<\/p>\n<p><b>Leistungscookies<\/b><br \/>\nDiese Cookies k\u00f6nnen von uns selbst oder von einem unserer Partner stammen; es kann sich dabei um Sitzungscookies oder um permanente Cookies handeln. Sie dienen nur der Website-Performance und Verbesserung. Diese Cookies sammeln keine Informationen, mit denen der Benutzer identifiziert werden kann. Alle Informationen, die mithilfe dieser Cookies gesammelt werden, werden in anonymer Form zusammengefasst und nur zur Verbesserung der Funktionalit\u00e4t der Website genutzt<\/p>\n<p><b>Funktionscookies<\/b><br \/>\nCookies werden normalerweise infolge einer Handlung des Benutzers auf seinem Computer abgelegt, jedoch k\u00f6nnen sie auch empfangen werden, wenn dem Benutzer ein Dienst angeboten wird, ohne dass dieser ausdr\u00fccklich angefordert wurde. Sie k\u00f6nnen dazu dienen zu verhindern, dass derselbe Dienst demselben Benutzer mehr als einmal angeboten wird. Dar\u00fcber hinaus erm\u00f6glichen diese Cookies der Website, Entscheidungen des Benutzers nachzuhalten. Die von diesen Cookies gesammelten Informationen sind anonym und k\u00f6nnen nicht dazu verwendet werden, das Verhalten des Benutzers auf anderen Websites zu beurteilen.<\/p>\n<p><b>Cookies von Dritten f\u00fcr Marketing-\/Retargetingzwecke<\/b><br \/>\nDiese Cookies werden von Partnern eingesetzt, um unsere Werbung einzublenden, wenn Sie andere Websites besuchen, und zum Beispiel die Produkte anzuzeigen, die Sie sich zuletzt auf unserer Website angesehen haben. Diese Cookies k\u00f6nnen auch dazu verwendet werden, Produkte zu zeigen, die Sie m\u00f6glicherweise interessieren oder die anderen Produkten \u00e4hneln, die Sie sich zuvor angesehen haben. Diese Cookies sind nicht mit der Verarbeitung personenbezogener Informationen verbunden, k\u00f6nnen aber den Zugriff auf den Browser erm\u00f6glichen, der auf Ihrem Computer oder anderen Ger\u00e4ten installiert ist.<\/p>\n<p>&#8212;&#8212;&#8212;&#8212;&#8212;<\/p>\n<p><strong>Cookies von Drittanbietern<\/strong> auf dieser Webseite sind beispielsweise:<\/p>\n<ul>\n<li>Roter Hahn &#8211; S\u00fcdtiroler Bauernbund &#8211; Info: <a href=\"http:\/\/www.roterhahn.it\/de\/cookie\/\" target=\"_blank\" rel=\"alternate noopener\">http:\/\/www.roterhahn.it\/de\/cookie\/<\/a><\/li>\n<\/ul>\n<p>&nbsp;<\/p>\n<p><b>Cookies deaktivieren<\/b><br \/>\nDatenschutzgesetze geben Benutzern die M\u00f6glichkeit, Cookies zu deaktivieren (\u201eopt out\u201c), die bereits auf ihrem Ger\u00e4t installiert sind. Diese Option gilt f\u00fcr \u201etechnische Cookies\u201c (Art. 122 des italienischen Datenschutzgesetzes) und andere Cookies, die der Benutzer zuvor akzeptiert (\u201eopt in\u201c) hat. Der Benutzer kann Cookies anhand von Browsereinstellungen deaktivieren und\/oder l\u00f6schen (\u201eopt out\u201c)<\/p>\n<p>So deaktivieren Sie Cookies<\/p>\n<p><b>Internet Explorer<\/b><br \/>\nBlockieren oder Zulassen aller Cookies<\/p>\n<ol>\n<li>\u00d6ffnen Sie Internet Explorer, indem Sie auf die Schaltfl\u00e4che Start klicken und dann auf Internet Explorer klicken.<\/li>\n<li>Klicken Sie auf die Schaltfl\u00e4che Extras und dann auf Internetoptionen.<\/li>\n<li>Klicken Sie auf die Registerkarte Datenschutz, und verschieben Sie dann unter Einstellungen den Schiebregler nach oben, um alle Cookies zu blockieren, oder nach unten, um alle zuzulassen. Klicken Sie anschlie\u00dfend auf OK.<br \/>\nDas Blockieren von Cookies kann dazu f\u00fchren, dass manche Webseiten nicht korrekt angezeigt werden.<\/li>\n<\/ol>\n<p><b>Firefox<\/b><br \/>\nUm die Cookies aller Websites zu blockieren, gehen Sie wie folgt vor:<\/p>\n<ol>\n<li>Klicken Sie auf die Men\u00fcschaltfl\u00e4che und w\u00e4hlen Sie Einstellungen.<\/li>\n<li>Gehen Sie zum Abschnitt Datenschutz.<\/li>\n<li>Setzen Sie die Auswahlliste neben Firefox wird eine Chronik: auf nach benutzerdefinierten Einstellungen anlegen.<\/li>\n<li>Entfernen Sie das H\u00e4kchen bei Cookies akzeptieren. Klicken Sie auf OK.<\/li>\n<\/ol>\n<p><b>Google Chrome<\/b><\/p>\n<ol>\n<li>W\u00e4hlen Sie das Chrome-Men\u00fcsymbol aus.<\/li>\n<li>W\u00e4hlen Sie Einstellungen aus.<\/li>\n<li>W\u00e4hlen Sie unten auf der Seite Erweiterte Einstellungen anzeigen aus.<\/li>\n<li>W\u00e4hlen Sie im Abschnitt &#8220;Datenschutz&#8221; die Option Inhaltseinstellungen aus.<\/li>\n<li>W\u00e4hlen Sie Speicherung von Daten f\u00fcr alle Websites blockieren aus.<\/li>\n<li>W\u00e4hlen Sie Fertig aus.<\/li>\n<\/ol>\n<p>Einzelne nicht technische Cookies von Dritten k\u00f6nnen vom Benutzer auch deaktiviert und\/oder gel\u00f6scht werden, wie auf der Website der European Interactive Digital Advertising Alliance erkl\u00e4rt wird: <a href=\"http:\/\/www.youronlinechoices.eu\/\">www.youronlinechoices.eu<\/a>.99<\/p>\n<p>&nbsp;<\/p>\n<\/div>\n","protected":false},"excerpt":{"rendered":"<p>Im Sinne des Art. 13 des Gesetzesvertretenden Dekrets Nr. 196 vom 30. Juni 2003 informieren wir dar\u00fcber, dass wir die pers\u00f6nlichen Daten von Kunden und Lieferanten verarbeiten, wobei es sich ausschlie\u00dflich um pers\u00f6nliche Daten gemeiner\/gew\u00f6hnlicher Art und Natur handelt. Wir garantieren im Rahmen der gesetzlichen Vorgaben, dass die Verarbeitung der pers\u00f6nlichen Daten unter Ber\u00fccksichtigung der [&hellip;]<\/p>\n","protected":false},"author":2,"featured_media":0,"parent":0,"menu_order":99,"comment_status":"closed","ping_status":"closed","template":"","meta":{"footnotes":""},"class_list":["post-1144","page","type-page","status-publish","hentry"],"_links":{"self":[{"href":"https:\/\/www.moarhof-bz.it\/it\/wp-json\/wp\/v2\/pages\/1144","targetHints":{"allow":["GET"]}}],"collection":[{"href":"https:\/\/www.moarhof-bz.it\/it\/wp-json\/wp\/v2\/pages"}],"about":[{"href":"https:\/\/www.moarhof-bz.it\/it\/wp-json\/wp\/v2\/types\/page"}],"author":[{"embeddable":true,"href":"https:\/\/www.moarhof-bz.it\/it\/wp-json\/wp\/v2\/users\/2"}],"replies":[{"embeddable":true,"href":"https:\/\/www.moarhof-bz.it\/it\/wp-json\/wp\/v2\/comments?post=1144"}],"version-history":[{"count":0,"href":"https:\/\/www.moarhof-bz.it\/it\/wp-json\/wp\/v2\/pages\/1144\/revisions"}],"wp:attachment":[{"href":"https:\/\/www.moarhof-bz.it\/it\/wp-json\/wp\/v2\/media?parent=1144"}],"curies":[{"name":"wp","href":"https:\/\/api.w.org\/{rel}","templated":true}]}}