{"id":1143,"date":"2017-07-28T10:23:34","date_gmt":"2017-07-28T08:23:34","guid":{"rendered":"http:\/\/www.moarhof-bz.it\/wordpress-2018\/impressum\/"},"modified":"2024-09-24T08:24:01","modified_gmt":"2024-09-24T06:24:01","slug":"impressum","status":"publish","type":"page","link":"https:\/\/www.moarhof-bz.it\/it\/impressum\/","title":{"rendered":"Impressum"},"content":{"rendered":"<div class=\"itemFullText\">\n<p>Moar zu Gassen des<br \/>\nReiterer Florian<br \/>\nWurzerweg 11<br \/>\nI-39010 Hafling<\/p>\n<p>Telefon &amp; Fax: 0473-279342<br \/>\nMobil: 3381291671<\/p>\n<p>MwSt.Nr.: 02567470212<br \/>\nCIN: IT021005B5PRW8SZQU<br \/>\nSt.Nr. und Eintrag in der Handelkammer Bozen: RTRFRN80B13F132X<\/p>\n<p><span id=\"cloakc2d15f39e1bb30bb325bf29583bcf4a2\"><a href=\"mailto:info@moarhof-bz.it\">info@moarhof-bz.it<\/a><\/span><br \/>\nPEC-E-Mail: <span id=\"cloak86a1804d338048b664a4048dee4f9f37\"><\/span><a href=\"mailto:florian.reiterer@pec.sbb.it\">florian.reiterer@pec.sbb.it<\/a><\/p>\n<p>&nbsp;<\/p>\n<p><strong>WICHTIG (Verordnung (EU) Nr. 524\/2013)<\/strong><\/p>\n<p>Plattform der EU-Kommission f\u00fcr die Online-Streitbeilegung: <a href=\"http:\/\/www.ec.europa.eu\/consumers\/odr\" target=\"_blank\" rel=\"noopener\">www.ec.europa.eu\/consumers\/odr<\/a><\/p>\n<p>E-Mail: <span id=\"cloakc8553a8791de9dc8245b72a7669e5f55\"><a href=\"mailto:info@moarhof-bz.it\">info@moarhof-bz.it<\/a><\/span><\/p>\n<p>&nbsp;<\/p>\n<p><strong>IMPORTANTE (Regolamento (UE) n. 524\/2013)<\/strong><\/p>\n<p>Piattaforma della commissione europea &#8211; Risoluzione online delle controversie: <a href=\"http:\/\/www.ec.europa.eu\/consumers\/odr\" target=\"_blank\" rel=\"noopener\">www.ec.europa.eu\/consumers\/odr<\/a><\/p>\n<p>E-Mail: <span id=\"cloaka56f2aba47e82022aeb2094e3b2f2bc8\"><a href=\"mailto:info@moarhof-bz.it\">info@moarhof-bz.it<\/a><\/span><\/p>\n<p>&nbsp;<\/p>\n<p><strong>IMPORTANT (REGULATION (EU) No 524\/2013)<\/strong><\/p>\n<p>European commission&#8217;s platform &#8211; Online Dispute Resolution: <a href=\"http:\/\/www.ec.europa.eu\/consumers\/odr\" target=\"_blank\" rel=\"noopener\">www.ec.europa.eu\/consumers\/odr<\/a><\/p>\n<p>E-Mail: <span id=\"cloakd713d1e95fb239a34c701dc1980a025c\"><a href=\"mailto:info@moarhof-bz.it\">info@moarhof-bz.it<\/a><\/span><\/p>\n<p>&#8212;&#8211;<\/p>\n<p>&nbsp;<\/p>\n<h2>Bildnachweis<\/h2>\n<p>Archiv Fam. Reiterer<br \/>\nherzen aus holz (Startseite) \u00a9 photo 5000 &#8211; Fotolia.com<br \/>\naltes Holz Bretter braun \u00a9 Simone Werner-Ney &#8211; Fotolia.com<\/p>\n<p>&nbsp;<\/p>\n<h2>Wichtige Hinweise<\/h2>\n<p>Die im Rahmen dieser Internetpr\u00e4senz gelieferten Informationen sind in allen ihren Teilen urheberrechtlich gesch\u00fctzt. Die Verwendung und Verwertung ist ausschlie\u00dflich zum pers\u00f6nlichen Gebrauch erlaubt. Jede weitere Verwertung bedarf der schriftlichen Zustimmung des Betreibers. Dies betrifft insbesondere Vervielf\u00e4ltigungen, \u00dcbersetzungen, Mikroverfilmungen, Einspeicherung und Verbreitung in elektronischen Systemen.<\/p>\n<p>&nbsp;<\/p>\n<h2>Haftungsausschluss<\/h2>\n<p>Von dieser Internetpr\u00e4senz (&#8220;Internetsite&#8221;) aus f\u00fchren Verweise (&#8220;Links&#8221;) zu externen Seiten, welche von externen Betreibern verwaltet und \/ oder ver\u00f6ffentlicht und \/ oder betrieben und \/ oder herausgegeben werden. Diese Seiten befinden sich au\u00dferhalb unseres Einflussbereichs. Daher k\u00f6nnen wir keinerlei Gew\u00e4hr und \/ oder Verantwortung f\u00fcr deren Inhalt \u00fcbernehmen. F\u00fcr den genannten Inhalt haften ausschlie\u00dflich deren Betreiber. Zum Zeitpunkt der Linksetzung hat es keinen offensichtlich illegalen Inhalt auf den verlinkten externen Seiten gegeben. Unsere Meinung kann sich von den Meinungen auf den externen Seiten unterscheiden. Diese Website wird regelm\u00e4\u00dfig aktualisiert. Trotzdem k\u00f6nnen wir keine Gew\u00e4hr auf Richtigkeit, Legalit\u00e4t, Aktualit\u00e4t, Vollst\u00e4ndigkeit und Vorhandensein der Angaben und \/ oder Daten geben<\/p>\n<\/div>\n","protected":false},"excerpt":{"rendered":"<p>Moar zu Gassen des Reiterer Florian Wurzerweg 11 I-39010 Hafling Telefon &amp; Fax: 0473-279342 Mobil: 3381291671 MwSt.Nr.: 02567470212 CIN: IT021005B5PRW8SZQU St.Nr. und Eintrag in der Handelkammer Bozen: RTRFRN80B13F132X info@moarhof-bz.it PEC-E-Mail: florian.reiterer@pec.sbb.it &nbsp; WICHTIG (Verordnung (EU) Nr. 524\/2013) Plattform der EU-Kommission f\u00fcr die Online-Streitbeilegung: www.ec.europa.eu\/consumers\/odr E-Mail: info@moarhof-bz.it &nbsp; IMPORTANTE (Regolamento (UE) n. 524\/2013) Piattaforma della commissione [&hellip;]<\/p>\n","protected":false},"author":2,"featured_media":0,"parent":0,"menu_order":98,"comment_status":"closed","ping_status":"closed","template":"","meta":{"footnotes":""},"class_list":["post-1143","page","type-page","status-publish","hentry"],"_links":{"self":[{"href":"https:\/\/www.moarhof-bz.it\/it\/wp-json\/wp\/v2\/pages\/1143","targetHints":{"allow":["GET"]}}],"collection":[{"href":"https:\/\/www.moarhof-bz.it\/it\/wp-json\/wp\/v2\/pages"}],"about":[{"href":"https:\/\/www.moarhof-bz.it\/it\/wp-json\/wp\/v2\/types\/page"}],"author":[{"embeddable":true,"href":"https:\/\/www.moarhof-bz.it\/it\/wp-json\/wp\/v2\/users\/2"}],"replies":[{"embeddable":true,"href":"https:\/\/www.moarhof-bz.it\/it\/wp-json\/wp\/v2\/comments?post=1143"}],"version-history":[{"count":1,"href":"https:\/\/www.moarhof-bz.it\/it\/wp-json\/wp\/v2\/pages\/1143\/revisions"}],"predecessor-version":[{"id":3246,"href":"https:\/\/www.moarhof-bz.it\/it\/wp-json\/wp\/v2\/pages\/1143\/revisions\/3246"}],"wp:attachment":[{"href":"https:\/\/www.moarhof-bz.it\/it\/wp-json\/wp\/v2\/media?parent=1143"}],"curies":[{"name":"wp","href":"https:\/\/api.w.org\/{rel}","templated":true}]}}