{"id":1079,"date":"2018-04-19T11:23:31","date_gmt":"2018-04-19T09:23:31","guid":{"rendered":"http:\/\/www.moarhof-bz.it\/wordpress-2018\/aktiv-freizeit\/winterparadies-ihr-winterurlaub\/"},"modified":"2018-08-24T09:22:26","modified_gmt":"2018-08-24T07:22:26","slug":"winterparadies-ihr-winterurlaub","status":"publish","type":"page","link":"https:\/\/www.moarhof-bz.it\/it\/tempo-libero\/winterparadies-ihr-winterurlaub\/","title":{"rendered":"Paradiso invernale"},"content":{"rendered":"<p>Inverno in Alto Adige significa divertimento sulla neve ad ogni et\u00e0. Non importa se siete appassionati di sci oppure snowboard: il divertimento \u00e9 sempre garantito nei comprensori sciistici che si trovano nelle immediate vicinanze. Il comprensorio di Merano 2000 sull\u2019altipiano di Avelengo \u00e9 la meta ideale per principianti e sciatori esperti.<\/p>\n<p>Offre 40 chilometri di piste ottimamente preparate di ogni grado di difficolt\u00e0. Nessuna attesa agli impianti di risalita e scorci panoramici unici affascinano sportivi di ogni et\u00e0. Ai bambini \u00e9 riservata una pista solo per loro.<\/p>\n<p>Vivere l\u2019inverno nella sua veste pi\u00f9 bella: passeggiate attraverso il paesaggio innevato oppure pi\u00f9 impegnative escursioni con le racchette da neve lungo sentieri panoramici \u2013 il Maorhof offre questo e molto di pi\u00f9.<\/p>\n<p>Inverno in Alto Adige significa anche idillio e atmosfere speciali. I famosi Mercatini di Natale sono un esempio. Ovunque profumo di pan pepato e atmosfere d\u2019altri tempi. Una magia che riscalda il cuore non solo dei bambini.<\/p>\n<p>Particolarmente suggestivo il Mercatino di Natale di Merano a soli 15 minuti di macchina da Avelengo. Ma anche il Mercatino di Bolzano merita una visita. A questi mercatini s\u2019aggiungono numerosi mercatini contadini pi\u00f9 piccoli, ma dal fascino unico.<\/p>\n","protected":false},"excerpt":{"rendered":"<p>Inverno in Alto Adige significa divertimento sulla neve ad ogni et\u00e0. Non importa se siete appassionati di sci oppure snowboard: il divertimento \u00e9 sempre garantito nei comprensori sciistici che si trovano nelle immediate vicinanze. Il comprensorio di Merano 2000 sull\u2019altipiano di Avelengo \u00e9 la meta ideale per principianti e sciatori esperti. Offre 40 chilometri di [&hellip;]<\/p>\n","protected":false},"author":1,"featured_media":0,"parent":1067,"menu_order":5,"comment_status":"closed","ping_status":"closed","template":"","meta":{"footnotes":""},"class_list":["post-1079","page","type-page","status-publish","hentry"],"_links":{"self":[{"href":"https:\/\/www.moarhof-bz.it\/it\/wp-json\/wp\/v2\/pages\/1079","targetHints":{"allow":["GET"]}}],"collection":[{"href":"https:\/\/www.moarhof-bz.it\/it\/wp-json\/wp\/v2\/pages"}],"about":[{"href":"https:\/\/www.moarhof-bz.it\/it\/wp-json\/wp\/v2\/types\/page"}],"author":[{"embeddable":true,"href":"https:\/\/www.moarhof-bz.it\/it\/wp-json\/wp\/v2\/users\/1"}],"replies":[{"embeddable":true,"href":"https:\/\/www.moarhof-bz.it\/it\/wp-json\/wp\/v2\/comments?post=1079"}],"version-history":[{"count":1,"href":"https:\/\/www.moarhof-bz.it\/it\/wp-json\/wp\/v2\/pages\/1079\/revisions"}],"predecessor-version":[{"id":1080,"href":"https:\/\/www.moarhof-bz.it\/it\/wp-json\/wp\/v2\/pages\/1079\/revisions\/1080"}],"up":[{"embeddable":true,"href":"https:\/\/www.moarhof-bz.it\/it\/wp-json\/wp\/v2\/pages\/1067"}],"wp:attachment":[{"href":"https:\/\/www.moarhof-bz.it\/it\/wp-json\/wp\/v2\/media?parent=1079"}],"curies":[{"name":"wp","href":"https:\/\/api.w.org\/{rel}","templated":true}]}}