{"id":1067,"date":"2018-04-19T11:10:52","date_gmt":"2018-04-19T09:10:52","guid":{"rendered":"http:\/\/www.moarhof-bz.it\/wordpress-2018\/aktiv-freizeit\/"},"modified":"2023-03-09T16:12:41","modified_gmt":"2023-03-09T15:12:41","slug":"tempo-libero","status":"publish","type":"page","link":"https:\/\/www.moarhof-bz.it\/it\/tempo-libero\/","title":{"rendered":"Tempo libero"},"content":{"rendered":"<h2>Vi attende una miriade di proposte per il tempo libero<\/h2>\n<p><em>Moarhof \u2013 Una vacanza in agriturismo ad Avelengo\/Alto Adige<\/em><\/p>\n<p>Non a caso il paese di Avelengo viene definito la \u201eterrazza soleggiata\u201c sopra la citt\u00e0 di cura di Merano. In effetti, il paese idilliaco \u00e9 situato in alto, sopra la conca valliva di Merano, sull\u2019altipiano soleggiato del Monte Zoccolo, tra meravigliosi boschi e ampi alpeggi. Da qui si gode di un panorama fantastico sullo scenario montano unico del Gruppo di Tessa. Dal maso partono numerosi sentieri escursionistici adatti alle famiglie. Anche gli appassionati di mountain bike hanno solo l\u2019imbarazzo della scelta tra i numerosi trail della zona. Nelle immediate vicinanze si trova la citt\u00e0 di cura di Merano. La citt\u00e0 vanta meravigliose Terme che invitano al completo relax, nonch\u00e9 innumerevoli possibilit\u00e0 di dedicarsi allo shopping e ai piaceri gastronomici. In inverno \u00e9 possibile dedicarsi agli sport invernali nei vicini comprensori sciistici: Meran 2000, die Schwemmalm in Ulten sowie Pfelders im Passeiertal, per menzionarne uno dei tanti. Questi piccoli comprensori hanno soprattutto una cosa in comune: sono particolarmente adatti alle famiglie e offrono un ottimo rapporto qualit\u00e1\/prezzo.<\/p>\n<p>Di seguito un elenco delle luoghi di interesse storico-culturale e proposte per il tempo libero..<\/p>\n<p><em>La Chiesetta di Santa Caterina ad Avelengo<\/em><br \/>\nCome molti altri edifici sacrali sulle montagne del meranese anche la Chiesetta di Santa Caterina ad Avelengo venne costruita sopra un precedente luogo di culto pagano. Nel corso di una visita guidata viene narrata l\u2019interessante leggenda della chiesa.<\/p>\n<p><em>Il sentiero naturalistico di Avelengo<\/em><br \/>\nUnweit vom Moarhof, beginnt der Naturlehrpfad in St. Kathrein in Hafling und f\u00fchrt in Serpentinen auf Weg Nr. 50A und 11 hoch bis zum Sulfner Weiher. Rund um den Weiher befinden sich zwei Schautafeln, auf denen die spannende Entwicklung des Lebens im Teich dargestellt wird. Gem\u00fctliche B\u00e4nke laden zum Verweilen und Beobachten ein, in den Sommermonaten kann man die ganze Pracht der Seerosen genie\u00dfen. Die kurze Wanderung hin und retour dauert rund eine Stunde und ist auch mit dem Kinderwagen machbar.<\/p>\n<p><em>Il tabernacolo<\/em><br \/>\nNelle vicinanze del Moarhof si trova un tabernacolo gotico. Si tratta di una costruzione in pietra arenaria con una piccola nicchia chiusa da una grata. Il tabernacolo \u00e9 ornato da una croce sempre in pietra arenaria. Una passeggiata che merita.<\/p>\n<p><em>Falzeben<\/em><br \/>\nFalzeben \u00e9 situato a 1.600 m sopra l\u2019abitato di Avelengo. Il paese di Falzeben \u00e8 conosciuto soprattutto grazie all\u2019area escursionistica e sciistica di Merano 2000. Dal parcheggio della funivia Falzeben \u00e8 possibile raggiungere la Malga Moschwald, la Malga Kesselberg, la Malga Waidmann e la Malga Kirchsteiger.<\/p>\n<p><a href=\"https:\/\/www.sentres.com\/it\/babytrekking\/da-falzeben-al-rifugio-meraner\" target=\"_blank\" rel=\"noopener\">Info Falzeben<\/a><\/p>\n<p><em>Monte Ivigna<\/em><br \/>\nChi desidera spingersi pi\u00f9 in quota pu\u00f2 effettuare il tour che porta al Monte Ivigna, la montagna di casa di Avelengo. Una volta arrivati in cima si gode di una bellissima vista panoramica.<\/p>\n<p><em>Comprensorio sciistico e escursionistico di Merano 2000 con funbob<\/em><br \/>\nIn inverno il comprensorio sciistico di Merano 2000 promette divertimento sulla neve ad ogni et\u00e0. In estate la zona offre molte possibilit\u00e0 di effettuare bellissimi escursioni e gite.<\/p>\n<p>Merano 2000 \u00e9 inoltre il paradiso degli appassionati di mountain bike: offre bellissimi trail di ogni grado di difficolt\u00e0. La zona di Merano 2000 \u00e9 molto amata da turisti e dai locali. Inoltre: in prossimit\u00e0 della stazione a valle di Falzeben si pu\u00f2 ammirare una bellissima collezione di minerali.<\/p>\n<p>Merano 2000 vanta anche una pista per slittini molto particolare: il Funbob \u2013 la pista per slittini su rotaie pi\u00f9 lunga d&#8217;Italia garantisce divertimento a grandi e piccini.<\/p>\n<p><a href=\"https:\/\/www.meran2000.com\/it\" target=\"_blank\" rel=\"noopener\">Info Meran 2000<\/a><\/p>\n<p><em>I Giardini di Castel Trauttmansdorff<\/em><br \/>\nI Giardini di Castel Trauttmansdorff offrono una panoramica unica di fiori. I Giardini nei pressi di Maia Alta (Merano) si estendono su di una superficie di circa 12 ettari disposti a forma di un naturale anfiteatro e aprono prospettive mai viste sue infinite specie di flora esotica. Complessivamente fioriscono e crescono piante di tutto il mondo raggruppate in 80 paesaggi botanici.<\/p>\n<p><a href=\"https:\/\/www.trauttmansdorff.it\/it\/i-giardini-di-castel-trauttmansdorff.html\" target=\"_blank\" rel=\"noopener\">Info i Giardini di Castel Trauttmansdorfff<\/a><\/p>\n<p><em>Le Terme di Merano<\/em><br \/>\nLe terme di Merano si trovano nel cuore della citt\u00e0 stessa. Un luogo magico dove poter trascorre l\u2019intera giornata in famiglia oppure in coppia. Le terme di Merano distano solo 15 minuti di macchina dal Moarhof e sono una meta imperdibile durante la vacanza.<\/p>\n<p><a href=\"http:\/\/www.termemerano.it\/it\/\" target=\"_blank\" rel=\"noopener\">Info Terme di Merano<\/a><\/p>\n<p>Una visita alla citt\u00e0 di cura di Merano \u00e9 comunque sempre consigliabile. Non importa se desiderate dedicarvi allo shopping oppure semplicemente passeggiare lungo le meravigliose Passeggiate<\/p>\n<p>Queste sono solo alcune delle mete nelle immediate vicinanze. A queste si aggiungono altre, un p\u00f3 pi\u00f9 lontane: meravigliose strade di montagna alla volta dei passi, tour in bici attraverso la Val Venosta, una gita alla volta del Lago di Resia con il campanile sommerso, una visita alla citt\u00e0 medioevale di Glorenza oppure al Museo Archeologico di Bolzano.<\/p>\n","protected":false},"excerpt":{"rendered":"<p>Vi attende una miriade di proposte per il tempo libero Moarhof \u2013 Una vacanza in agriturismo ad Avelengo\/Alto Adige Non a caso il paese di Avelengo viene definito la \u201eterrazza soleggiata\u201c sopra la citt\u00e0 di cura di Merano. In effetti, il paese idilliaco \u00e9 situato in alto, sopra la conca valliva di Merano, sull\u2019altipiano soleggiato [&hellip;]<\/p>\n","protected":false},"author":1,"featured_media":0,"parent":0,"menu_order":3,"comment_status":"closed","ping_status":"closed","template":"","meta":{"footnotes":""},"class_list":["post-1067","page","type-page","status-publish","hentry"],"_links":{"self":[{"href":"https:\/\/www.moarhof-bz.it\/it\/wp-json\/wp\/v2\/pages\/1067","targetHints":{"allow":["GET"]}}],"collection":[{"href":"https:\/\/www.moarhof-bz.it\/it\/wp-json\/wp\/v2\/pages"}],"about":[{"href":"https:\/\/www.moarhof-bz.it\/it\/wp-json\/wp\/v2\/types\/page"}],"author":[{"embeddable":true,"href":"https:\/\/www.moarhof-bz.it\/it\/wp-json\/wp\/v2\/users\/1"}],"replies":[{"embeddable":true,"href":"https:\/\/www.moarhof-bz.it\/it\/wp-json\/wp\/v2\/comments?post=1067"}],"version-history":[{"count":3,"href":"https:\/\/www.moarhof-bz.it\/it\/wp-json\/wp\/v2\/pages\/1067\/revisions"}],"predecessor-version":[{"id":1078,"href":"https:\/\/www.moarhof-bz.it\/it\/wp-json\/wp\/v2\/pages\/1067\/revisions\/1078"}],"wp:attachment":[{"href":"https:\/\/www.moarhof-bz.it\/it\/wp-json\/wp\/v2\/media?parent=1067"}],"curies":[{"name":"wp","href":"https:\/\/api.w.org\/{rel}","templated":true}]}}